{"id":2,"date":"2025-11-13T17:19:12","date_gmt":"2025-11-13T16:19:12","guid":{"rendered":"https:\/\/zdsma-livada.splet.arnes.si\/?page_id=2"},"modified":"2025-11-29T05:43:19","modified_gmt":"2025-11-29T04:43:19","slug":"vzorcna-stran","status":"publish","type":"page","link":"https:\/\/zdsma-livada.splet.arnes.si\/","title":{"rendered":"Dostopnost"},"content":{"rendered":"\n<p class=\"has-small-font-size\" id=\"vrh\">Ta stran je namenjena predstavitvi zavezanosti Osnovne \u0161ole Livada k zagotavljanju dostopnosti spletnega mesta v skladu z Zakonom o dostopnosti spleti\u0161\u010d in mobilnih aplikacij (ZDSMA). Vsebina vklju\u010duje:<\/p>\n\n\n\n<p class=\"has-small-font-size\">uradno izjavo o dostopnosti,<br>informacije o stopnji skladnosti spletnega mesta z zakonodajo,<br>seznam vsebin, ki trenutno \u0161e niso v celoti prilagojene,<br>kontaktne podatke za povratne informacije in zahteve po dostopnih oblikah,<br>podatke o izvr\u0161ilnem postopku v primeru neskladnosti.<\/p>\n\n\n\n<p class=\"has-small-font-size\">Cilj strani je zagotoviti preglednost in uporabnikom omogo\u010diti enostaven dostop do klju\u010dnih informacij o dostopnosti ter jim ponuditi mo\u017enost, da nas obvestijo o morebitnih te\u017eavah.<\/p>\n\n\n\n<p class=\"has-small-font-size\"><\/p>\n","protected":false},"excerpt":{"rendered":"<p>Ta stran je namenjena predstavitvi zavezanosti Osnovne \u0161ole Livada k zagotavljanju dostopnosti spletnega mesta v skladu z Zakonom o dostopnosti spleti\u0161\u010d in mobilnih aplikacij (ZDSMA). Vsebina vklju\u010duje: uradno izjavo o dostopnosti,informacije o stopnji skladnosti spletnega mesta z zakonodajo,seznam vsebin, ki trenutno \u0161e niso v celoti prilagojene,kontaktne podatke za povratne informacije in zahteve po dostopnih oblikah,podatke [&hellip;]<\/p>\n","protected":false},"author":29603,"featured_media":0,"parent":0,"menu_order":0,"comment_status":"closed","ping_status":"open","template":"","meta":{"footnotes":""},"class_list":["post-2","page","type-page","status-publish","hentry"],"_links":{"self":[{"href":"https:\/\/zdsma-livada.splet.arnes.si\/index.php?rest_route=\/wp\/v2\/pages\/2","targetHints":{"allow":["GET"]}}],"collection":[{"href":"https:\/\/zdsma-livada.splet.arnes.si\/index.php?rest_route=\/wp\/v2\/pages"}],"about":[{"href":"https:\/\/zdsma-livada.splet.arnes.si\/index.php?rest_route=\/wp\/v2\/types\/page"}],"author":[{"embeddable":true,"href":"https:\/\/zdsma-livada.splet.arnes.si\/index.php?rest_route=\/wp\/v2\/users\/29603"}],"replies":[{"embeddable":true,"href":"https:\/\/zdsma-livada.splet.arnes.si\/index.php?rest_route=%2Fwp%2Fv2%2Fcomments&post=2"}],"version-history":[{"count":15,"href":"https:\/\/zdsma-livada.splet.arnes.si\/index.php?rest_route=\/wp\/v2\/pages\/2\/revisions"}],"predecessor-version":[{"id":66,"href":"https:\/\/zdsma-livada.splet.arnes.si\/index.php?rest_route=\/wp\/v2\/pages\/2\/revisions\/66"}],"wp:attachment":[{"href":"https:\/\/zdsma-livada.splet.arnes.si\/index.php?rest_route=%2Fwp%2Fv2%2Fmedia&parent=2"}],"curies":[{"name":"wp","href":"https:\/\/api.w.org\/{rel}","templated":true}]}}