{"id":53,"date":"2025-11-29T05:45:57","date_gmt":"2025-11-29T04:45:57","guid":{"rendered":"https:\/\/zdsma-livada.splet.arnes.si\/?page_id=53"},"modified":"2025-11-29T05:45:57","modified_gmt":"2025-11-29T04:45:57","slug":"osnovni-podatki","status":"publish","type":"page","link":"https:\/\/zdsma-livada.splet.arnes.si\/?page_id=53","title":{"rendered":"Osnovni podatki"},"content":{"rendered":"\n<p class=\"is-style-default has-small-font-size\"><strong>Naziv:<\/strong> Osnovna \u0161ola Livada<br><strong>Naslov:<\/strong> Efenkova 60, 3320 Velenje<br><strong>Telefon:<\/strong> <em>03 \/ 89 84 270<br><strong>Mobitel:<\/strong> 031 \/ 322 018<br><strong>Faks: <\/strong>03 \/ 89 84 280<\/em><br><em><strong>E-po\u0161ta:<\/strong>&nbsp;<\/em>tajnistvo@os-livada.si<br><strong>Spletna stran:<\/strong> www.os-livada.si<br><strong>Mati\u010dna \u0161t.:<\/strong> 5081939-000<br><strong>Dav\u010dna \u0161t.:<\/strong> 45242372; \u0161ola ni zavezanec za DDV.<\/p>\n\n\n\n<h3 class=\"wp-block-heading\">Odgovorna oseba<\/h3>\n\n\n\n<p class=\"has-small-font-size\">Tatjana Zafo\u0161nik Kanduti<br>Telefon: <em>03 \/ 89 84 270<\/em><br><em>E-po\u0161ta:&nbsp;<\/em>ravnatelj@os-livada.si<\/p>\n\n\n\n<h3 class=\"wp-block-heading\">\u0160olski \u010das<\/h3>\n\n\n\n<p class=\"has-small-font-size\"><strong>POSLOVNI \u010cAS:<\/strong><br>&#8211; \u0160ola posluje pet dni v tednu, in sicer od ponedeljka do petka med 6.00 in 17.00.<br>&#8211; Poslovni \u010das \u0161olske uprave, tajni\u0161tva in svetovalne slu\u017ebe je od 7.00 do 15.00.<br>&#8211; Poslovni \u010das \u0161olske knji\u017enice je od 7.30 do 15.00.<br>&#8211; Poslovni \u010das \u0161olske kuhinje je od 6.00 do 15.00, poslovni \u010das tehni\u010dnega vzdr\u017eevanja je od 6.00 do 14.00, \u010di\u0161\u010denja \u0161ole pa od 14.00 do 22.00.<br>&#8211; Poslovni \u010das ob sobotah je dolo\u010den s \u0161olskim koledarjem in Letnim delovnim na\u010drtom \u0161ole.<br><br><strong>URADNE URE:<\/strong><br>&#8211; Uradne ure so namenjene poslovanju z uporabniki storitev. \u0160ola ima uradne ure vsak delovni dan.<br>&#8211; Uradne ure tajni\u0161tva \u0161ole, ra\u010dunovodstva in knjigovodstva so vsak delovni dan od 7.30 do 10.00 in od 12.00 do 14.00.<br>&#8211; Glede na naravo dela in vrsto nalog imajo pedago\u0161ki delavci dolo\u010den \u010das za sodelovanje s star\u0161i in sicer:<br>&#8211; popoldanske pogovorne ure,<br>&#8211; roditeljske sestanke,<br>&#8211; dopoldanske pogovorne ure,<br>&#8211; druge oblike dela s star\u0161i.<br>Oblike sodelovanja s star\u0161i so dolo\u010dene z letnim delovnim na\u010drtom \u0161ole.<\/p>\n\n\n\n<h3 class=\"wp-block-heading\">\u0160olski okoli\u0161<\/h3>\n\n\n\n<p class=\"has-small-font-size\">Cankarjeva 1A \u2013 2C<br>Cesta bratov Mravljakov \u0161t. 1 \u2013 20<br>Efenkova cesta \u0161t. 1 \u2013 61<br>Fin\u017egarjeva cesta \u0161t. 1 \u2013 17<br>Gori\u0161ka cesta \u0161t. 1 \u2013 33<br>Gra\u0161kogorska cesta \u0161t. 1 \u2013 45<br>Gregor\u010di\u010deva cesta \u0161t. 1 \u2013 30<br>Kardeljev trg \u0161t. 1 \u2013 12<br>Kidri\u010deva cesta \u0161t. 2A, 9, 9A, 11, 13, 15, 17<br>Kopali\u0161ka cesta \u0161t. 2, 4, 6, 8, 10, 12<br>Pre\u0161ernova cesta \u0161t. 1 \u2013 8<br>Stantetova ulica \u0161t. 1 \u2013 32<br>\u0160ale\u0161ka cesta \u0161t. 5, 7<br>\u0160mar\u0161ka cesta \u0161t. 1 \u2013 37<br>Tav\u010darjeva cesta \u0161t. 1 \u2013 39<br>Vodovodna ulica \u0161t. 1- 13<br>KS \u0160kale-Hrastovec, KS Cirkovce<\/p>\n\n\n\n<h3 class=\"wp-block-heading\">Podatki o ustanovitelju<\/h3>\n\n\n\n<p class=\"has-small-font-size\">Mestna ob\u010dina Velenje<br>Titov trg 1, 3320 Velenje<br>Telefon: (03) 896 16 00<br>E-po\u0161ta: info@velenje.si<br>www.velenje.si<\/p>\n","protected":false},"excerpt":{"rendered":"<p>Naziv: Osnovna \u0161ola LivadaNaslov: Efenkova 60, 3320 VelenjeTelefon: 03 \/ 89 84 270Mobitel: 031 \/ 322 018Faks: 03 \/ 89 84 280E-po\u0161ta:&nbsp;tajnistvo@os-livada.siSpletna stran: www.os-livada.siMati\u010dna \u0161t.: 5081939-000Dav\u010dna \u0161t.: 45242372; \u0161ola ni zavezanec za DDV. Odgovorna oseba Tatjana Zafo\u0161nik KandutiTelefon: 03 \/ 89 84 270E-po\u0161ta:&nbsp;ravnatelj@os-livada.si \u0160olski \u010das POSLOVNI \u010cAS:&#8211; \u0160ola posluje pet dni v tednu, in sicer [&hellip;]<\/p>\n","protected":false},"author":29603,"featured_media":0,"parent":0,"menu_order":0,"comment_status":"closed","ping_status":"closed","template":"","meta":{"footnotes":""},"class_list":["post-53","page","type-page","status-publish","hentry"],"_links":{"self":[{"href":"https:\/\/zdsma-livada.splet.arnes.si\/index.php?rest_route=\/wp\/v2\/pages\/53","targetHints":{"allow":["GET"]}}],"collection":[{"href":"https:\/\/zdsma-livada.splet.arnes.si\/index.php?rest_route=\/wp\/v2\/pages"}],"about":[{"href":"https:\/\/zdsma-livada.splet.arnes.si\/index.php?rest_route=\/wp\/v2\/types\/page"}],"author":[{"embeddable":true,"href":"https:\/\/zdsma-livada.splet.arnes.si\/index.php?rest_route=\/wp\/v2\/users\/29603"}],"replies":[{"embeddable":true,"href":"https:\/\/zdsma-livada.splet.arnes.si\/index.php?rest_route=%2Fwp%2Fv2%2Fcomments&post=53"}],"version-history":[{"count":2,"href":"https:\/\/zdsma-livada.splet.arnes.si\/index.php?rest_route=\/wp\/v2\/pages\/53\/revisions"}],"predecessor-version":[{"id":59,"href":"https:\/\/zdsma-livada.splet.arnes.si\/index.php?rest_route=\/wp\/v2\/pages\/53\/revisions\/59"}],"wp:attachment":[{"href":"https:\/\/zdsma-livada.splet.arnes.si\/index.php?rest_route=%2Fwp%2Fv2%2Fmedia&parent=53"}],"curies":[{"name":"wp","href":"https:\/\/api.w.org\/{rel}","templated":true}]}}