{"id":55,"date":"2025-11-29T05:46:09","date_gmt":"2025-11-29T04:46:09","guid":{"rendered":"https:\/\/zdsma-livada.splet.arnes.si\/?page_id=55"},"modified":"2025-11-29T05:46:09","modified_gmt":"2025-11-29T04:46:09","slug":"programi-in-oddelki","status":"publish","type":"page","link":"https:\/\/zdsma-livada.splet.arnes.si\/?page_id=55","title":{"rendered":"Programi in oddelki"},"content":{"rendered":"\n<p class=\"has-small-font-size\">83250301 &#8211; Vzgojno-izobra\u017eevalni program osnovna \u0161ola<\/p>\n\n\n\n<h2 class=\"wp-block-heading\" id=\"oddelki\">Oddelki<\/h2>\n\n\n\n<p class=\"has-small-font-size\"><strong>Letnik Fantje Dekleta Skupaj<\/strong><br>1. razred 24 26 50<br>2. razred 21 20 41<br>3. razred 33 27 60<br>4. razred 23 22 45<br>5. razred 26 26 52<br>6. razred 24 25 49<br>7. razred 30 26 56<br>8. razred 33 24 57<br>9. razred 27 26 53<br><br><strong>Oddelki:<\/strong><br>1.a<br>1.b<br>1.\u0161<br>2.a<br>2.\u0161<br>3.a<br>3.b<br>3.\u0161<br>4.a<br>4.b<br>4.\u0161<br>5.a<br>5.b<br>6.a<br>6.b<br>7.a<br>7.b<br>7.c<br>8.a<br>8.b<br>8.c<br>9.a<br>9.b<\/p>\n\n\n\n<h3 class=\"wp-block-heading\">Dodatne dejavnosti<\/h3>\n\n\n\n<p class=\"has-small-font-size\">Zavod ne izvaja dodatnih dejavnosti.<\/p>\n","protected":false},"excerpt":{"rendered":"<p>83250301 &#8211; Vzgojno-izobra\u017eevalni program osnovna \u0161ola Oddelki Letnik Fantje Dekleta Skupaj1. razred 24 26 502. razred 21 20 413. razred 33 27 604. razred 23 22 455. razred 26 26 526. razred 24 25 497. razred 30 26 568. razred 33 24 579. razred 27 26 53 Oddelki:1.a1.b1.\u01612.a2.\u01613.a3.b3.\u01614.a4.b4.\u01615.a5.b6.a6.b7.a7.b7.c8.a8.b8.c9.a9.b Dodatne dejavnosti Zavod ne izvaja dodatnih dejavnosti.<\/p>\n","protected":false},"author":29603,"featured_media":0,"parent":0,"menu_order":0,"comment_status":"closed","ping_status":"closed","template":"","meta":{"footnotes":""},"class_list":["post-55","page","type-page","status-publish","hentry"],"_links":{"self":[{"href":"https:\/\/zdsma-livada.splet.arnes.si\/index.php?rest_route=\/wp\/v2\/pages\/55","targetHints":{"allow":["GET"]}}],"collection":[{"href":"https:\/\/zdsma-livada.splet.arnes.si\/index.php?rest_route=\/wp\/v2\/pages"}],"about":[{"href":"https:\/\/zdsma-livada.splet.arnes.si\/index.php?rest_route=\/wp\/v2\/types\/page"}],"author":[{"embeddable":true,"href":"https:\/\/zdsma-livada.splet.arnes.si\/index.php?rest_route=\/wp\/v2\/users\/29603"}],"replies":[{"embeddable":true,"href":"https:\/\/zdsma-livada.splet.arnes.si\/index.php?rest_route=%2Fwp%2Fv2%2Fcomments&post=55"}],"version-history":[{"count":1,"href":"https:\/\/zdsma-livada.splet.arnes.si\/index.php?rest_route=\/wp\/v2\/pages\/55\/revisions"}],"predecessor-version":[{"id":56,"href":"https:\/\/zdsma-livada.splet.arnes.si\/index.php?rest_route=\/wp\/v2\/pages\/55\/revisions\/56"}],"wp:attachment":[{"href":"https:\/\/zdsma-livada.splet.arnes.si\/index.php?rest_route=%2Fwp%2Fv2%2Fmedia&parent=55"}],"curies":[{"name":"wp","href":"https:\/\/api.w.org\/{rel}","templated":true}]}}