{"id":57,"date":"2025-11-29T05:46:21","date_gmt":"2025-11-29T04:46:21","guid":{"rendered":"https:\/\/zdsma-livada.splet.arnes.si\/?page_id=57"},"modified":"2025-11-29T05:46:21","modified_gmt":"2025-11-29T04:46:21","slug":"solski-koledar","status":"publish","type":"page","link":"https:\/\/zdsma-livada.splet.arnes.si\/?page_id=57","title":{"rendered":"\u0160olski koledar"},"content":{"rendered":"\n<p class=\"has-small-font-size\"><strong>1. 9. 2025: <\/strong>za\u010detek pouka<br><strong>27. 10. 2025 \u2013&nbsp;&nbsp;31. 10. 2025: <\/strong>jesenske po\u010ditnice<br><strong>31. 10. 2025: <\/strong>dan reformacije<br><strong>1. 11. 2025: <\/strong>dan spomina na mrtve<br><strong>25. 12. 2025: <\/strong>bo\u017ei\u010d<br><strong>26. 12. 2025: <\/strong>dan samostojnosti in enotnosti<br><strong>25. 12. 2025 \u2013 2. 1. 2026: <\/strong>novoletne po\u010ditnice<br><strong>1. 1. 2026 \u2013 2. 1. 2026: <\/strong>novo leto<br><strong>30. 1. 2026: <\/strong>zaklju\u010dek 1. ocenjevalnega obdobja<br><strong>8. 2. 2026: <\/strong>Pre\u0161ernov dan, slovenski kulturni praznik<br><strong>13. 2. 2026 \u2013 14. 2. 2026: <\/strong>informativna dneva za vpis v srednje \u0161ole<br><strong>16. 2. 2026 \u2013 20. 2. 2026: <\/strong>zimske po\u010ditnice za u\u010dence z obmo\u010dja gorenjske, gori\u0161ke, notranjsko-kra\u0161ke, obalno-kra\u0161ke, osrednjeslovenske in zasavske statisti\u010dne regije ter ob\u010din jugovzhodne Slovenije: Ribnica, Sodra\u017eica, Lo\u0161ki Potok, Ko\u010devje, Osilnica in Kostel<br><strong>23. 2. 2026 \u2013 27. 2. 2026: <\/strong>zimske po\u010ditnice za u\u010dence z obmo\u010dja jugovzhodne Slovenije (razen ob\u010din: Ribnica, Sodra\u017eica, Lo\u0161ki Potok, Ko\u010devje, Osilnica in Kostel), koro\u0161ke, podravske, pomurske, savinjske in posavske statisti\u010dne regije<br><strong>6. 4. 2026: <\/strong>velikono\u010dni ponedeljek<br><strong>27. 4. 2026: <\/strong>dan upora proti okupatorju<br><strong>27. 4. 2026 \u2013 1. 5. 2026: <\/strong>prvomajske po\u010ditnice<br><strong>1. 5. 2026 \u2013 2. 5. 2026: <\/strong>praznik dela<br><strong>15. 6. 2026: <\/strong>zaklju\u010dek 2. ocenjevalnega obdobja za u\u010dence 9. razreda<br>razdelitev spri\u010deval in obvestil<br><strong>24. 6. 2026: <\/strong>zaklju\u010dek 2. ocenjevalnega obdobja za u\u010dence od 1. do 8. razreda<br>razdelitev spri\u010deval in obvestil<br><strong>25. 6. 2026: <\/strong>dan dr\u017eavnosti<br><strong>26. 6. \u2013 31. 8. 2026: <\/strong>poletne po\u010ditnice<\/p>\n\n\n\n<h3 class=\"wp-block-heading\">Izpitni roki za predmetne in popravne izpite<\/h3>\n\n\n\n<p class=\"has-small-font-size\"><strong>16. 6. 2026 \u2013 30. 6. 2026:<\/strong>&nbsp;1. rok; u\u010denci 9. razreda<br><strong>26. 6. 2026 \u2013 9. 7. 2026:<\/strong>&nbsp;1. rok; u\u010denci od 1. do 8. razreda<br><strong>18. 8. 2026 \u2013 31. 8. 2026:<\/strong>&nbsp;2. rok; u\u010denci od 1. do 9. razreda<\/p>\n\n\n\n<h3 class=\"wp-block-heading\">Roki za ocenjevanje znanja u\u010dencev, ki se izobra\u017eujejo na domu<\/h3>\n\n\n\n<p class=\"has-small-font-size\"><strong>2. 2. 2026 \u2013 15. 6. 2026:<\/strong>&nbsp;1. rok; u\u010denci 9. razreda<br><strong>2. 2. 2026 \u2013 24. 6. 2026:<\/strong>&nbsp;1. rok; u\u010denci od 1. do 8. razreda<br><strong>18. 8. 2026 \u2013 31. 8. 2026:<\/strong>&nbsp;2. rok; u\u010denci od 1. do 9. razreda<\/p>\n\n\n\n<h3 class=\"wp-block-heading\">Datumi izvedbe nacionalnega preverjanja znanja v osnovni \u0161oli<\/h3>\n\n\n\n<p class=\"has-small-font-size\"><strong>1. 9. 2025: <\/strong>Objava sklepa o izboru predmetov in dolo\u010ditvi tretjega predmeta, iz katerega se bo na posamezni osnovni \u0161oli preverjalo znanje u\u010dencev v 9. razredu pri NPZ.<br><strong>16. 1. 2025: <\/strong>Zadnji rok za posredovanje podatkov o u\u010dencih 3., 6. in 9. razreda, ki bodo opravljali NPZ.<br><strong>23. 3. 2026: <\/strong>NPZ iz sloven\u0161\u010dine\/italijan\u0161\u010dine\/mad\u017ear\u0161\u010dine za u\u010dence 3., 6. in 9. razreda.<br><strong>25. 3. 2026:<\/strong>NPZ iz tujega jezika za u\u010dence 6. razreda. NPZ iz tretjega predmeta za u\u010dence 9. razreda.<br><strong>31. 3. 2026: <\/strong>NPZ iz matematike za u\u010dence 3., 6. in 9. razreda.<br><strong>21. 4. 2026: <\/strong>RIC posreduje \u0161olam ovrednotene preizkuse znanja z dose\u017eki u\u010dencev pri NPZ v 9. razredu.<br>Seznanitev u\u010dencev z dose\u017eki pri NPZ v 9. razredu. Uveljavljanje pravice do vpogleda v u\u010den\u010deve ovrednotene preizkuse NPZ v 9. razredu. Posredovanje podatkov o zahtevah za ponovno vrednotenje posameznih nalog v preizkusih NPZ v 9. razredu na RIC.<br><strong>22.&nbsp;4.&nbsp;2026<\/strong>: Uveljavljanje pravice do vpogleda v u\u010den\u010deve ovrednotene preizkuse NPZ v 9. razredu.<br>Posredovanje podatkov o zahtevah za ponovno vrednotenje posameznih nalog v preizkusih NPZ v 9. razredu na RIC.<br><strong>23. 4. 2026: <\/strong>Uveljavljanje pravice do vpogleda v u\u010den\u010deve ovrednotene preizkuse NPZ v 9. razredu.<br>Posredovanje podatkov o zahtevah za ponovno vrednotenje posameznih nalog v preizkusih NPZ v 9. razredu na RIC.<br><strong>4. 5. 2026: <\/strong>RIC posreduje \u0161olam ovrednotene preizkuse znanja z dose\u017eki u\u010dencev pri NPZ v 6. razredu.<br>Seznanitev u\u010dencev z dose\u017eki pri NPZ v 6. razredu. Uveljavljanje pravice do vpogleda v u\u010den\u010deve ovrednotene preizkuse NPZ v 6. razredu. Posredovanje podatkov o zahtevah za ponovno vrednotenje posameznih nalog v preizkusih NPZ v 6. razredu na RIC.<br><strong>5. 5. 2026: <\/strong>Uveljavljanje pravice do vpogleda v u\u010den\u010deve ovrednotene preizkuse NPZ v 6. razredu.<br>Posredovanje podatkov o zahtevah za ponovno vrednotenje posameznih nalog v preizkusih NPZ v 6. razredu na RIC.<br><strong>6. 5. 2026: <\/strong>Uveljavljanje pravice do vpogleda v u\u010den\u010deve ovrednotene preizkuse NPZ v 6. razredu.<br>Posredovanje podatkov o zahtevah za ponovno vrednotenje posameznih nalog v preizkusih NPZ v 6. razredu na RIC.<br><strong>7. 5. 2026: <\/strong>RIC posreduje \u0161olam ovrednotene preizkuse znanja z dose\u017eki u\u010dencev pri NPZ v 3. razredu.<br>Seznanitev u\u010dencev z dose\u017eki pri NPZ v 3. razredu. Uveljavljanje pravice do vpogleda v u\u010den\u010deve ovrednotene preizkuse NPZ v 3. razredu. Posredovanje podatkov o zahtevah za ponovno vrednotenje posameznih nalog v preizkusih NPZ v 3. razredu na RIC.<br><strong>8. 5. 2026: <\/strong>Uveljavljanje pravice do vpogleda v u\u010den\u010deve ovrednotene preizkuse NPZ v 3. razredu.<br>Posredovanje podatkov o zahtevah za ponovno vrednotenje posameznih nalog v preizkusih NPZ v 3. razredu na RIC.<br><strong>11. 5. 2026: <\/strong>Uveljavljanje pravice do vpogleda v u\u010den\u010deve ovrednotene preizkuse NPZ v 3. razredu.<br>Posredovanje podatkov o zahtevah za ponovno vrednotenje posameznih nalog v preizkusih NPZ v 3. razredu na RIC.<br><strong>12. 5. 2026: <\/strong>RIC posreduje \u0161olam spremembe dose\u017ekov po ponovnem vrednotenju posameznih nalog v preizkusih NPZ v 9. razredu.<br><strong>14. 5. 2026<br><\/strong>RIC posreduje \u0161olam spremembe dose\u017ekov po ponovnem vrednotenju posameznih nalog v preizkusih NPZ v 6. razredu.<br><strong>20. 5. 2026: <\/strong>RIC posreduje \u0161olam spremembe dose\u017ekov po ponovnem vrednotenju posameznih nalog v preizkusih NPZ v 3. razredu.<br><strong>15. 6. 2026: <\/strong>Razdelitev zaklju\u010dnih spri\u010deval z dose\u017eki pri NPZ za u\u010dence 9. razreda.<br><strong>24. 6. 2026: <\/strong>Razdelitev obvestil o dose\u017ekih pri NPZ za u\u010dence 3. in 6. razreda.<\/p>\n","protected":false},"excerpt":{"rendered":"<p>1. 9. 2025: za\u010detek pouka27. 10. 2025 \u2013&nbsp;&nbsp;31. 10. 2025: jesenske po\u010ditnice31. 10. 2025: dan reformacije1. 11. 2025: dan spomina na mrtve25. 12. 2025: bo\u017ei\u010d26. 12. 2025: dan samostojnosti in enotnosti25. 12. 2025 \u2013 2. 1. 2026: novoletne po\u010ditnice1. 1. 2026 \u2013 2. 1. 2026: novo leto30. 1. 2026: zaklju\u010dek 1. ocenjevalnega obdobja8. 2. 2026: [&hellip;]<\/p>\n","protected":false},"author":29603,"featured_media":0,"parent":0,"menu_order":0,"comment_status":"closed","ping_status":"closed","template":"","meta":{"footnotes":""},"class_list":["post-57","page","type-page","status-publish","hentry"],"_links":{"self":[{"href":"https:\/\/zdsma-livada.splet.arnes.si\/index.php?rest_route=\/wp\/v2\/pages\/57","targetHints":{"allow":["GET"]}}],"collection":[{"href":"https:\/\/zdsma-livada.splet.arnes.si\/index.php?rest_route=\/wp\/v2\/pages"}],"about":[{"href":"https:\/\/zdsma-livada.splet.arnes.si\/index.php?rest_route=\/wp\/v2\/types\/page"}],"author":[{"embeddable":true,"href":"https:\/\/zdsma-livada.splet.arnes.si\/index.php?rest_route=\/wp\/v2\/users\/29603"}],"replies":[{"embeddable":true,"href":"https:\/\/zdsma-livada.splet.arnes.si\/index.php?rest_route=%2Fwp%2Fv2%2Fcomments&post=57"}],"version-history":[{"count":1,"href":"https:\/\/zdsma-livada.splet.arnes.si\/index.php?rest_route=\/wp\/v2\/pages\/57\/revisions"}],"predecessor-version":[{"id":58,"href":"https:\/\/zdsma-livada.splet.arnes.si\/index.php?rest_route=\/wp\/v2\/pages\/57\/revisions\/58"}],"wp:attachment":[{"href":"https:\/\/zdsma-livada.splet.arnes.si\/index.php?rest_route=%2Fwp%2Fv2%2Fmedia&parent=57"}],"curies":[{"name":"wp","href":"https:\/\/api.w.org\/{rel}","templated":true}]}}