{"id":62,"date":"2025-11-29T05:46:41","date_gmt":"2025-11-29T04:46:41","guid":{"rendered":"https:\/\/zdsma-livada.splet.arnes.si\/?page_id=62"},"modified":"2025-11-29T05:46:41","modified_gmt":"2025-11-29T04:46:41","slug":"vpis-v-os","status":"publish","type":"page","link":"https:\/\/zdsma-livada.splet.arnes.si\/?page_id=62","title":{"rendered":"Vpis v O\u0160"},"content":{"rendered":"\n<p class=\"has-small-font-size\">Vpis otrok v \u0161olo in izpis iz \u0161ole ureja svetovalna slu\u017eba.<\/p>\n\n\n\n<p class=\"has-small-font-size\"><strong>Vpis v prvi razred<\/strong><\/p>\n\n\n\n<p class=\"has-small-font-size\">Vpis v 1. razred poteka v mesecu februarju za naslednje \u0161olsko leto. Star\u0161i morajo v 1. razred osnovne \u0161ole vpisati otroke, ki bodo v koledarskem letu, v katerem bodo za\u010deli obiskovati \u0161olo, dopolnili starost 6 let.<\/p>\n\n\n\n<p class=\"has-small-font-size\">Star\u0161i imajo pravico vpisati otroka v \u0161olo v \u0161olskem okoli\u0161u, v katerem otrok stalno oziroma za\u010dasno prebiva (mati\u010dni okoli\u0161). Star\u0161i lahko vpi\u0161ejo otroka tudi v \u0161olo v drugem \u0161olskem okoli\u0161u, \u010de ta \u0161ola s tem sogla\u0161a. V tem primeru morajo otroka najprej vpisati v osnovno \u0161olo v mati\u010dnem okoli\u0161u in nato najkasneje v \u0161tirinajstih dneh po izteku roka za vpis vlo\u017eiti pri \u0161oli, v katero \u017eelijo vpisati otroka, vlogo za prepis.<\/p>\n\n\n\n<p class=\"has-small-font-size\">Otroku se lahko za\u010detek \u0161olanja na predlog star\u0161ev, zdravstvene slu\u017ebe oziroma na podlagi odlo\u010dbe o usmeritvi odlo\u017ei za eno leto, \u010de se ugotovi, da otrok ni pripravljen za vstop v \u0161olo.<\/p>\n\n\n\n<p class=\"has-small-font-size\"><strong>Vpis oz. prepis na \u0161olo za u\u010dence od 2. do 9. razreda<\/strong><\/p>\n\n\n\n<p class=\"has-small-font-size\">Na osnovi potrdila o stalnem oz. za\u010dasnem prebivali\u0161\u010du je prepis v \u0161olo v mati\u010dnem okoli\u0161u mo\u017een kadarkoli, tudi med \u0161olskim letom (npr. v primeru selitve).<\/p>\n\n\n\n<p class=\"has-small-font-size\">Za otroke, ki \u017eivijo v drugem \u0161olskem okoli\u0161u, je prepis mo\u017een najkasneje petnajst dni pred za\u010detkom novega \u0161olskega leta. Star\u0161i morajo na \u0161oli vlo\u017eiti vlogo za prepis.<\/p>\n\n\n\n<p class=\"has-small-font-size\"><strong>Izpis iz \u0161ole<\/strong>&nbsp;V primeru, da \u017eelijo star\u0161i otroka izpisati iz \u0161ole, v \u0161oli izpolnijo obrazec za izpis.<\/p>\n","protected":false},"excerpt":{"rendered":"<p>Vpis otrok v \u0161olo in izpis iz \u0161ole ureja svetovalna slu\u017eba. Vpis v prvi razred Vpis v 1. razred poteka v mesecu februarju za naslednje \u0161olsko leto. Star\u0161i morajo v 1. razred osnovne \u0161ole vpisati otroke, ki bodo v koledarskem letu, v katerem bodo za\u010deli obiskovati \u0161olo, dopolnili starost 6 let. Star\u0161i imajo pravico vpisati [&hellip;]<\/p>\n","protected":false},"author":29603,"featured_media":0,"parent":0,"menu_order":0,"comment_status":"closed","ping_status":"closed","template":"","meta":{"footnotes":""},"class_list":["post-62","page","type-page","status-publish","hentry"],"_links":{"self":[{"href":"https:\/\/zdsma-livada.splet.arnes.si\/index.php?rest_route=\/wp\/v2\/pages\/62","targetHints":{"allow":["GET"]}}],"collection":[{"href":"https:\/\/zdsma-livada.splet.arnes.si\/index.php?rest_route=\/wp\/v2\/pages"}],"about":[{"href":"https:\/\/zdsma-livada.splet.arnes.si\/index.php?rest_route=\/wp\/v2\/types\/page"}],"author":[{"embeddable":true,"href":"https:\/\/zdsma-livada.splet.arnes.si\/index.php?rest_route=\/wp\/v2\/users\/29603"}],"replies":[{"embeddable":true,"href":"https:\/\/zdsma-livada.splet.arnes.si\/index.php?rest_route=%2Fwp%2Fv2%2Fcomments&post=62"}],"version-history":[{"count":1,"href":"https:\/\/zdsma-livada.splet.arnes.si\/index.php?rest_route=\/wp\/v2\/pages\/62\/revisions"}],"predecessor-version":[{"id":63,"href":"https:\/\/zdsma-livada.splet.arnes.si\/index.php?rest_route=\/wp\/v2\/pages\/62\/revisions\/63"}],"wp:attachment":[{"href":"https:\/\/zdsma-livada.splet.arnes.si\/index.php?rest_route=%2Fwp%2Fv2%2Fmedia&parent=62"}],"curies":[{"name":"wp","href":"https:\/\/api.w.org\/{rel}","templated":true}]}}