{"id":64,"date":"2025-11-29T05:45:43","date_gmt":"2025-11-29T04:45:43","guid":{"rendered":"https:\/\/zdsma-livada.splet.arnes.si\/?page_id=64"},"modified":"2025-11-29T05:50:22","modified_gmt":"2025-11-29T04:50:22","slug":"izjava-o-dostopnosti","status":"publish","type":"page","link":"https:\/\/zdsma-livada.splet.arnes.si\/?page_id=64","title":{"rendered":"Izjava o dostopnosti"},"content":{"rendered":"\n<p class=\"has-small-font-size\"><strong>1. Stopnja skladnosti<\/strong><br>Zakon o dostopnosti spleti\u0161\u010d in mobilnih aplikacij v 2. alineji 1. odstavka 3. \u010dlena vrtce, osnovne \u0161ole in srednje \u0161ole uvr\u0161\u010da med izjeme in jih glede vsebine spleti\u0161\u010d in mobilnih aplikacij zavezuje na informacije, ki se nana\u0161ajo na:<br>osnovne informacije o zavodu,<br>informacije o vpisnem postopku in<br>upravne informacije (kot so na primer \u0161olski koledar in urniki)<\/p>\n\n\n\n<p class=\"has-small-font-size\">Osnovna \u0161ola Livada Velenje te informacije zagotavlja neposredno na svojem spleti\u0161\u010du, kjer so dostopne prek glavnega menija pod zavihkom&nbsp;<strong>Dostopnost<\/strong>. Na tem mestu so zbrane vse klju\u010dne informacije, ki jih dolo\u010da zakon, in so pripravljene v skladu z zahtevami Zakona o dostopnosti spleti\u0161\u010d in mobilnih aplikacij (ZDSMA). Na podlagi samoocene ugotavljamo, da so osnovne informacije o zavodu, informacije o vpisnem postopku in upravne informacije na na\u0161em spleti\u0161\u010du dostopne in skladne z dolo\u010dili 2. alineje 1. odstavka 3. \u010dlena ZDSMA. Kljub temu si bomo \u0161e naprej prizadevali za izbolj\u0161anje dostopnosti tudi ostalih vsebin, ki \u0161e niso v celoti prilagojene vsem zahtevam.<\/p>\n\n\n\n<p class=\"has-small-font-size\"><strong>2. Nedostopne oziroma manj dostopne vsebine<\/strong><br>Ne glede na izjemo po ZDSMA dostopnost spleti\u0161\u010da nenehno spremljamo in sproti izbolj\u0161ujemo posamezne elemente dostopnosti. Kljub temu nekatere objavljene vsebine morda ne izpolnjujejo vseh zahtev glede dostopnosti, kot jih dolo\u010da Zakon o dostopnosti spleti\u0161\u010d in mobilnih aplikacij za organizacije, ki so izjeme po ZDSMA.<br>Primeri takih vsebin so:<br>Dokumenti v formatu Word (.docx) in PDF \u2013 ti dokumenti morda niso v celoti dostopni za uporabnike z oviranostmi. Vsebina dokumentov je na voljo na zahtevo v alternativni obliki. Za pomo\u010d ali dostop do vsebine nas kontaktirajte na &nbsp;<a href=\"mailto:boris.bubik@os-livada.si\">boris.bubik@os-livada.si<\/a>.<br>Slike na spletni strani nimajo alternativnega besedila.<br>Dolo\u010dene PDF-datoteke niso strojno berljive (npr. obrazci, jedilniki);<br>Videoposnetki nimajo podnapisov ali prepisanega besedila;<br>Za izbolj\u0161anje dostopnosti bomo postopno odpravili navedene pomanjkljivosti.<br>Nekatere povezave imajo nizek kontrast<\/p>\n\n\n\n<p class=\"has-small-font-size\"><strong>3. Metodologija ocenjevanja<\/strong><br>Izjava o dostopnosti je bila pripravljena na podlagi samoocene z uporabo orodij za preverjanje dostopnosti WAVE in vgrajene funkcije brskalnikov. Rezultati so bili analizirani z namenom identifikacije klju\u010dnih te\u017eav in na\u010drtovanja izbolj\u0161av.<\/p>\n\n\n\n<p class=\"has-small-font-size\"><strong>4. Na\u010drtovane izbolj\u0161ave<\/strong><br>V prihodnjih posodobitvah spleti\u0161\u010da na\u010drtujemo:<br>izbolj\u0161anje strukture naslovov v modulih,<br>nadgradnjo dokumentov v dostopnej\u0161e formate,<br>optimizacijo ARIA oznak v sistemskih komponentah,<br>vklju\u010ditev kontaktnega obrazca za la\u017ejo zahtevo po alternativni vsebini.<\/p>\n\n\n\n<p class=\"has-small-font-size\"><strong>5. Priprava izjave o dostopnosti<\/strong><br>Ta izjava je bila pripravljena 16. 11. 2025.<br>Uporabljena je bila metoda iz 1. alineje to\u010dke (a) 1. odstavka 3. \u010dlena Izvedbenega sklepa Komisije (EU) 2018\/1523 \u2013 samoocena organa javnega sektorja.<br>Izjava je bila nazadnje pregledana 29. 11. 2025.<\/p>\n\n\n\n<p class=\"has-small-font-size\"><strong>6. Povratne informacije in kontakt<\/strong><br>Zaradi zelo pogostih posodobitev vsebin lahko obiskovalci pri brskanju po spleti\u0161\u010du&nbsp;<a href=\"www.os-livada.si&nbsp;\">www.os-livada.si&nbsp;<\/a>kljub prizadevanjem, da bi bile vse spletne strani \u010dim bolj dostopne in uporabnikom prijazne, ob\u010dasno naletijo na te\u017eave z dostopnostjo.<br>Vabimo vas, da nam posredujete morebitne pripombe, te\u017eave z dostopnostjo ali pro\u0161nje za informacije v dostopni obliki po navadni ali elektronski po\u0161ti:<br>Naslov: Osnovna \u0161ola Livada Velenje, Efenkova cesta 60, 3320 Velenje<br>E-po\u0161ta:&nbsp;<a href=\"mailto:boris.bubik@os-livada.si\">boris.bubik@os-livada.si<\/a><br>Odgovorili vam bomo v najkraj\u0161em mo\u017enem \u010dasu oziroma najkasneje v roku 8 dni. \u010ce v tem roku ne bomo mogli podati ustreznega odgovora, vam bomo sporo\u010dili, kdaj bo odgovor podan in razloge za zakasnitev odgovora.<\/p>\n\n\n\n<p class=\"has-small-font-size\"><strong>7. Izvr\u0161ilni postopek<\/strong><br>V primeru, da ugotovite odstopanja od dolo\u010dil Zakona o dostopnosti spleti\u0161\u010d in mobilnih aplikacij, lahko podate prijavo in\u0161pektorjem za informacijsko dru\u017ebo po telefonu ter navadni ali elektronski po\u0161ti.<\/p>\n\n\n\n<p class=\"has-small-font-size\">In\u0161pektorat Republike Slovenije za informacijsko dru\u017ebo (IRSID)<br>Ministrstvo za digitalno preobrazbo<br>Dav\u010dna ulica 1<br>1000 LJUBLJANA<br>tel.: 01 555 58 48<br>e-naslov:&nbsp;<a href=\"mailto:gp.irsid@gov.si\">gp.irsid@gov.si<\/a><\/p>\n","protected":false},"excerpt":{"rendered":"<p>1. Stopnja skladnostiZakon o dostopnosti spleti\u0161\u010d in mobilnih aplikacij v 2. alineji 1. odstavka 3. \u010dlena vrtce, osnovne \u0161ole in srednje \u0161ole uvr\u0161\u010da med izjeme in jih glede vsebine spleti\u0161\u010d in mobilnih aplikacij zavezuje na informacije, ki se nana\u0161ajo na:osnovne informacije o zavodu,informacije o vpisnem postopku inupravne informacije (kot so na primer \u0161olski koledar in [&hellip;]<\/p>\n","protected":false},"author":29603,"featured_media":0,"parent":0,"menu_order":0,"comment_status":"closed","ping_status":"closed","template":"","meta":{"footnotes":""},"class_list":["post-64","page","type-page","status-publish","hentry"],"_links":{"self":[{"href":"https:\/\/zdsma-livada.splet.arnes.si\/index.php?rest_route=\/wp\/v2\/pages\/64","targetHints":{"allow":["GET"]}}],"collection":[{"href":"https:\/\/zdsma-livada.splet.arnes.si\/index.php?rest_route=\/wp\/v2\/pages"}],"about":[{"href":"https:\/\/zdsma-livada.splet.arnes.si\/index.php?rest_route=\/wp\/v2\/types\/page"}],"author":[{"embeddable":true,"href":"https:\/\/zdsma-livada.splet.arnes.si\/index.php?rest_route=\/wp\/v2\/users\/29603"}],"replies":[{"embeddable":true,"href":"https:\/\/zdsma-livada.splet.arnes.si\/index.php?rest_route=%2Fwp%2Fv2%2Fcomments&post=64"}],"version-history":[{"count":2,"href":"https:\/\/zdsma-livada.splet.arnes.si\/index.php?rest_route=\/wp\/v2\/pages\/64\/revisions"}],"predecessor-version":[{"id":73,"href":"https:\/\/zdsma-livada.splet.arnes.si\/index.php?rest_route=\/wp\/v2\/pages\/64\/revisions\/73"}],"wp:attachment":[{"href":"https:\/\/zdsma-livada.splet.arnes.si\/index.php?rest_route=%2Fwp%2Fv2%2Fmedia&parent=64"}],"curies":[{"name":"wp","href":"https:\/\/api.w.org\/{rel}","templated":true}]}}